{"id":14,"date":"2022-09-27T13:14:18","date_gmt":"2022-09-27T11:14:18","guid":{"rendered":"http:\/\/polenergia-1.devel\/?page_id=14"},"modified":"2023-02-02T16:39:05","modified_gmt":"2023-02-02T15:39:05","slug":"strona-glowna","status":"publish","type":"page","link":"https:\/\/lp.polenergia-sprzedaz.pl\/","title":{"rendered":"Strona G\u0142\u00f3wna"},"content":{"rendered":"\n<p><strong>Polenergia Sprzeda\u017c&nbsp;<\/strong>jako pierwsza firma w Polsce wprowadzi\u0142a na rynek&nbsp;nowy Standard Energia 2051. Ju\u017c dzi\u015b nasi Klienci mog\u0105 kupowa\u0107 czyst\u0105,&nbsp;odnawialn\u0105, zielon\u0105 i zeroemisyjn\u0105 energi\u0119 zgodn\u0105 z wytycznymi&nbsp;Europejskiego Zielonego \u0141adu, kt\u00f3re b\u0119d\u0105 obowi\u0105zywa\u0142y dopiero w 2051&nbsp;roku.\u200b<br><br><strong>Standard Energia 2051&nbsp;<\/strong>gwarantuje neutralne klimatycznie produkty, kt\u00f3re&nbsp;oferuj\u0105 w ka\u017cdej godzinie pokrycie zapotrzebowania naszych klient\u00f3w przez&nbsp;energi\u0119 generowan\u0105 tylko i wy\u0142\u0105cznie z polskich farm wiatrowych i fotowoltaicznych nale\u017c\u0105cych do Grupy Polenergia.<br><br>Wybieraj\u0105c&nbsp;<strong>Energia 2051&nbsp;<\/strong>wspierasz&nbsp;rozbudow\u0119 odnawialnych \u017ar\u00f3de\u0142 energii w Polsce oraz chronisz \u015brodowisko&nbsp;naturalne, a tym samym swoich najbli\u017cszych.<\/p>\n\n\n\n<div class=\"wp-container-3 wp-block-columns\">\n<div class=\"wp-container-1 wp-block-column\">\n<p>Program oparty jest na przyj\u0119tej przez Wsp\u00f3lnot\u0119 Europejsk\u0105 strategii rozwoju, kt\u00f3ry do 2050 roku ma przekszta\u0142ci\u0107 gospodarki Unii Europejskiej w obszar neutralny klimatycznie.&nbsp; G\u0142\u00f3wnymi celami wprowadzonego Standardu Energia 2051 jest:<\/p>\n\n\n\n<ul><li>edukacja w zakresie dzia\u0142a\u0144 na rzecz \u017ar\u00f3de\u0142 odnawialnych,<\/li><li>promocja zielonej energii w\u015br\u00f3d odbiorc\u00f3w biznesowych i indywidualnych,<\/li><li>promocja optymalnego wykorzystania w\u0142asnych surowc\u00f3w energetycznych,<\/li><li>rozw\u00f3j \u015bwiadomo\u015bci klienta na rynku energii,<\/li><li>rozw\u00f3j odnawialnych \u017ar\u00f3de\u0142 energii (wdro\u017cenie morskiej energetyki wiatrowej),<\/li><li>poprawa efektywno\u015bci energetycznej.<\/li><\/ul>\n\n\n\n<p>Potwierdzeniem naszej dzia\u0142alno\u015bci jest&nbsp;otrzymany certyfikat TUV SUD, kt\u00f3ry&nbsp;potwierdza:\u200b<\/p>\n\n\n\n<ul><li>Jako\u015b\u0107 us\u0142ug i \u201ezielono\u015bci\u201d energii zgodny ze&nbsp;standardem Energia 2051\u200b<\/li><li>Spe\u0142nienie warunk\u00f3w zgodno\u015bci z krajowymi&nbsp;i mi\u0119dzynarodowymi normami&nbsp;\u200b<\/li><li>Tworzenie najkorzystniejszej i w 100 proc.&nbsp;opartej na \u017ar\u00f3d\u0142ach OZE oferty na produkty&nbsp;energetyczne<\/li><\/ul>\n<\/div>\n\n\n\n<div class=\"wp-container-2 wp-block-column is-vertically-aligned-center\"><div class=\"wp-block-image\">\n<figure class=\"aligncenter size-large\"><img loading=\"lazy\" width=\"1024\" height=\"516\" src=\"https:\/\/lp.polenergia-sprzedaz.pl\/wp-content\/uploads\/2022\/09\/polenergia-certyfikat-1024x516.jpg\" alt=\"\" class=\"wp-image-56\" srcset=\"https:\/\/lp.polenergia-sprzedaz.pl\/wp-content\/uploads\/2022\/09\/polenergia-certyfikat-1024x516.jpg 1024w, https:\/\/lp.polenergia-sprzedaz.pl\/wp-content\/uploads\/2022\/09\/polenergia-certyfikat-300x151.jpg 300w, https:\/\/lp.polenergia-sprzedaz.pl\/wp-content\/uploads\/2022\/09\/polenergia-certyfikat-768x387.jpg 768w, https:\/\/lp.polenergia-sprzedaz.pl\/wp-content\/uploads\/2022\/09\/polenergia-certyfikat.jpg 1040w\" sizes=\"(max-width: 1024px) 100vw, 1024px\" \/><\/figure><\/div><\/div>\n<\/div>\n","protected":false},"excerpt":{"rendered":"<p>Polenergia Sprzeda\u017c&nbsp;jako pierwsza firma w Polsce wprowadzi\u0142a na rynek&nbsp;nowy Standard Energia 2051. Ju\u017c dzi\u015b nasi Klienci mog\u0105 kupowa\u0107 czyst\u0105,&nbsp;odnawialn\u0105, zielon\u0105 i zeroemisyjn\u0105 energi\u0119 zgodn\u0105 z wytycznymi&nbsp;Europejskiego Zielonego \u0141adu, kt\u00f3re b\u0119d\u0105 obowi\u0105zywa\u0142y dopiero w 2051&nbsp;roku.\u200b Standard Energia 2051&nbsp;gwarantuje neutralne klimatycznie produkty, kt\u00f3re&nbsp;oferuj\u0105 w ka\u017cdej godzinie pokrycie zapotrzebowania naszych klient\u00f3w przez&nbsp;energi\u0119 generowan\u0105 tylko i wy\u0142\u0105cznie z polskich [&hellip;]<\/p>\n","protected":false},"author":1,"featured_media":0,"parent":0,"menu_order":0,"comment_status":"closed","ping_status":"closed","template":"templates\/page-home.php","meta":[],"acf":[],"_links":{"self":[{"href":"https:\/\/lp.polenergia-sprzedaz.pl\/index.php\/wp-json\/wp\/v2\/pages\/14"}],"collection":[{"href":"https:\/\/lp.polenergia-sprzedaz.pl\/index.php\/wp-json\/wp\/v2\/pages"}],"about":[{"href":"https:\/\/lp.polenergia-sprzedaz.pl\/index.php\/wp-json\/wp\/v2\/types\/page"}],"author":[{"embeddable":true,"href":"https:\/\/lp.polenergia-sprzedaz.pl\/index.php\/wp-json\/wp\/v2\/users\/1"}],"replies":[{"embeddable":true,"href":"https:\/\/lp.polenergia-sprzedaz.pl\/index.php\/wp-json\/wp\/v2\/comments?post=14"}],"version-history":[{"count":112,"href":"https:\/\/lp.polenergia-sprzedaz.pl\/index.php\/wp-json\/wp\/v2\/pages\/14\/revisions"}],"predecessor-version":[{"id":179,"href":"https:\/\/lp.polenergia-sprzedaz.pl\/index.php\/wp-json\/wp\/v2\/pages\/14\/revisions\/179"}],"wp:attachment":[{"href":"https:\/\/lp.polenergia-sprzedaz.pl\/index.php\/wp-json\/wp\/v2\/media?parent=14"}],"curies":[{"name":"wp","href":"https:\/\/api.w.org\/{rel}","templated":true}]}}